{"id":1994,"date":"2023-02-14T18:33:13","date_gmt":"2023-02-14T17:33:13","guid":{"rendered":"https:\/\/hausmitleben.at\/?page_id=1994"},"modified":"2024-12-19T10:10:20","modified_gmt":"2024-12-19T09:10:20","slug":"vormerken-bewohnerinnen","status":"publish","type":"page","link":"https:\/\/hausmitleben.at\/index.php\/vormerken-bewohnerinnen\/","title":{"rendered":"Vormerken BewohnerInnen"},"content":{"rendered":"\t\t<div data-elementor-type=\"wp-page\" data-elementor-id=\"1994\" class=\"elementor elementor-1994\" data-elementor-post-type=\"page\">\n\t\t\t\t\t\t<section data-particle_enable=\"false\" data-particle-mobile-disabled=\"false\" class=\"elementor-section elementor-top-section elementor-element elementor-element-321b4d9 elementor-section-full_width elementor-section-height-default elementor-section-height-default\" data-id=\"321b4d9\" data-element_type=\"section\" data-e-type=\"section\">\n\t\t\t\t\t\t<div class=\"elementor-container elementor-column-gap-default\">\n\t\t\t\t\t<div class=\"elementor-column elementor-col-100 elementor-top-column elementor-element elementor-element-6ab1f3a\" data-id=\"6ab1f3a\" data-element_type=\"column\" data-e-type=\"column\">\n\t\t\t<div class=\"elementor-widget-wrap elementor-element-populated\">\n\t\t\t\t\t\t<div class=\"elementor-element elementor-element-fe2b177 elementor-widget elementor-widget-heading\" data-id=\"fe2b177\" data-element_type=\"widget\" data-e-type=\"widget\" data-widget_type=\"heading.default\">\n\t\t\t\t<div class=\"elementor-widget-container\">\n\t\t\t\t\t<h2 class=\"elementor-heading-title elementor-size-default\">Vormerken f\u00fcr Interessentinnen!<\/h2>\t\t\t\t<\/div>\n\t\t\t\t<\/div>\n\t\t\t\t\t<\/div>\n\t\t<\/div>\n\t\t\t\t\t<\/div>\n\t\t<\/section>\n\t\t\t\t<section data-particle_enable=\"false\" data-particle-mobile-disabled=\"false\" class=\"elementor-section elementor-top-section elementor-element elementor-element-eb14a53 elementor-section-full_width elementor-section-height-min-height elementor-section-items-stretch elementor-section-height-default\" data-id=\"eb14a53\" data-element_type=\"section\" data-e-type=\"section\">\n\t\t\t\t\t\t<div class=\"elementor-container elementor-column-gap-default\">\n\t\t\t\t\t<div class=\"elementor-column elementor-col-50 elementor-top-column elementor-element elementor-element-ae42049\" data-id=\"ae42049\" data-element_type=\"column\" data-e-type=\"column\">\n\t\t\t<div class=\"elementor-widget-wrap elementor-element-populated\">\n\t\t\t\t\t\t<div class=\"elementor-element elementor-element-085dc26 elementor-widget elementor-widget-image\" data-id=\"085dc26\" data-element_type=\"widget\" data-e-type=\"widget\" data-widget_type=\"image.default\">\n\t\t\t\t<div class=\"elementor-widget-container\">\n\t\t\t\t\t\t\t\t\t\t\t\t\t\t\t<img decoding=\"async\" src=\"https:\/\/hausmitleben.at\/wp-content\/uploads\/elementor\/thumbs\/DJI_0303-scaled-qxfighh131bxyy9jy2cm36xvi7bfrcy9tccw36zjls.webp\" title=\"Haus mit Leben\" alt=\"Haus f\u00fcr Menschen mit Behinderung \/ Beeintr\u00e4chtigung\" loading=\"lazy\" \/>\t\t\t\t\t\t\t\t\t\t\t\t\t\t\t<\/div>\n\t\t\t\t<\/div>\n\t\t\t\t\t<\/div>\n\t\t<\/div>\n\t\t\t\t<div class=\"elementor-column elementor-col-50 elementor-top-column elementor-element elementor-element-d6a3f9a elementor-hidden-mobile\" data-id=\"d6a3f9a\" data-element_type=\"column\" data-e-type=\"column\">\n\t\t\t<div class=\"elementor-widget-wrap elementor-element-populated\">\n\t\t\t\t\t\t<div class=\"elementor-element elementor-element-61c30f7 elementor-widget elementor-widget-image\" data-id=\"61c30f7\" data-element_type=\"widget\" data-e-type=\"widget\" data-widget_type=\"image.default\">\n\t\t\t\t<div class=\"elementor-widget-container\">\n\t\t\t\t\t\t\t\t\t\t\t\t\t\t\t<img decoding=\"async\" src=\"https:\/\/hausmitleben.at\/wp-content\/uploads\/elementor\/thumbs\/W-10043J-1-qxfi985wb3e8bct4bxebu0vqd33ebi4w5ezwo9qznk.webp\" title=\"Pony Mimi\" alt=\"Pony Mimi\" loading=\"lazy\" \/>\t\t\t\t\t\t\t\t\t\t\t\t\t\t\t<\/div>\n\t\t\t\t<\/div>\n\t\t\t\t\t<\/div>\n\t\t<\/div>\n\t\t\t\t\t<\/div>\n\t\t<\/section>\n\t\t\t\t<section data-particle_enable=\"false\" data-particle-mobile-disabled=\"false\" class=\"elementor-section elementor-top-section elementor-element elementor-element-8000df8 elementor-section-full_width elementor-section-height-min-height elementor-section-items-stretch elementor-section-height-default\" data-id=\"8000df8\" data-element_type=\"section\" data-e-type=\"section\">\n\t\t\t\t\t\t<div class=\"elementor-container elementor-column-gap-default\">\n\t\t\t\t\t<div class=\"elementor-column elementor-col-100 elementor-top-column elementor-element elementor-element-761a744\" data-id=\"761a744\" data-element_type=\"column\" data-e-type=\"column\">\n\t\t\t<div class=\"elementor-widget-wrap elementor-element-populated\">\n\t\t\t\t\t\t<div class=\"elementor-element elementor-element-a9bdd22 elementor-widget elementor-widget-heading\" data-id=\"a9bdd22\" data-element_type=\"widget\" data-e-type=\"widget\" data-widget_type=\"heading.default\">\n\t\t\t\t<div class=\"elementor-widget-container\">\n\t\t\t\t\t<h2 class=\"elementor-heading-title elementor-size-default\">Vormerkung f\u00fcr einen verf\u00fcgbaren Platz in unserem Wohnhaus in Orth\/Donau<\/h2>\t\t\t\t<\/div>\n\t\t\t\t<\/div>\n\t\t\t\t<div class=\"elementor-element elementor-element-a8fdeb9 elementor-widget elementor-widget-text-editor\" data-id=\"a8fdeb9\" data-element_type=\"widget\" data-e-type=\"widget\" data-widget_type=\"text-editor.default\">\n\t\t\t\t<div class=\"elementor-widget-container\">\n\t\t\t\t\t\t\t\t\t<p>Wir sind aktuell voll besetzt in unserem Haus. Gerne jedoch k\u00f6nnen Sie sich in unserer Vormerkliste eintragen .<\/p><p>Bitte f\u00fcllen Sie unser Vormerkformular aus. <strong>Achtung:<\/strong> Es geht nicht darum, dass der\/die Erste auf der Vormerkliste zuerst ein Anrecht auf den Platz hat. Wir sind sehr darauf bedacht, dass wir eine f\u00fcr BewohnerInnen und MitarbeiterInnen stimmige Gruppenkonstellation schaffen und erhalten.<\/p><p>Weitere Details werden in einem Aufnahmegespr\u00e4chen mit Interessenten und ErwachsenenvertreterInnen ausf\u00fchrlich besprochen.<\/p>\t\t\t\t\t\t\t\t<\/div>\n\t\t\t\t<\/div>\n\t\t\t\t\t<\/div>\n\t\t<\/div>\n\t\t\t\t\t<\/div>\n\t\t<\/section>\n\t\t\t\t<section data-particle_enable=\"false\" data-particle-mobile-disabled=\"false\" class=\"elementor-section elementor-top-section elementor-element elementor-element-4c69882 elementor-section-full_width elementor-section-height-min-height elementor-section-items-stretch elementor-section-height-default\" data-id=\"4c69882\" data-element_type=\"section\" data-e-type=\"section\">\n\t\t\t\t\t\t<div class=\"elementor-container elementor-column-gap-default\">\n\t\t\t\t\t<div class=\"elementor-column elementor-col-100 elementor-top-column elementor-element elementor-element-dba1231\" data-id=\"dba1231\" data-element_type=\"column\" data-e-type=\"column\">\n\t\t\t<div class=\"elementor-widget-wrap elementor-element-populated\">\n\t\t\t\t\t\t<div class=\"elementor-element elementor-element-1a91611 elementor-widget elementor-widget-html\" data-id=\"1a91611\" data-element_type=\"widget\" data-e-type=\"widget\" data-widget_type=\"html.default\">\n\t\t\t\t<div class=\"elementor-widget-container\">\n\t\t\t\t\t<iframe src=\"https:\/\/docs.google.com\/forms\/d\/e\/1FAIpQLScRE8-fwUcAWrB2MIDJJKZUmW_trxbEiXw715LzDrg58-fp1w\/viewform?embedded=true\" width=\"1000\" height=\"2194\" frameborder=\"0\" marginheight=\"0\" marginwidth=\"0\">Wird geladen\u2026<\/iframe>\t\t\t\t<\/div>\n\t\t\t\t<\/div>\n\t\t\t\t\t<\/div>\n\t\t<\/div>\n\t\t\t\t\t<\/div>\n\t\t<\/section>\n\t\t\t\t<\/div>\n\t\t","protected":false},"excerpt":{"rendered":"<p>Vormerken f\u00fcr Interessentinnen! Vormerkung f\u00fcr einen verf\u00fcgbaren Platz in unserem Wohnhaus in Orth\/Donau Wir sind aktuell voll besetzt in unserem Haus. Gerne jedoch k\u00f6nnen Sie sich in unserer Vormerkliste eintragen . Bitte f\u00fcllen Sie unser Vormerkformular aus. Achtung: Es geht nicht darum, dass der\/die Erste auf der Vormerkliste zuerst ein Anrecht auf den Platz hat.<\/p>\n","protected":false},"author":1,"featured_media":0,"parent":0,"menu_order":0,"comment_status":"closed","ping_status":"closed","template":"elementor_header_footer","meta":{"footnotes":""},"class_list":["post-1994","page","type-page","status-publish","hentry"],"aioseo_notices":[],"_links":{"self":[{"href":"https:\/\/hausmitleben.at\/index.php\/wp-json\/wp\/v2\/pages\/1994","targetHints":{"allow":["GET"]}}],"collection":[{"href":"https:\/\/hausmitleben.at\/index.php\/wp-json\/wp\/v2\/pages"}],"about":[{"href":"https:\/\/hausmitleben.at\/index.php\/wp-json\/wp\/v2\/types\/page"}],"author":[{"embeddable":true,"href":"https:\/\/hausmitleben.at\/index.php\/wp-json\/wp\/v2\/users\/1"}],"replies":[{"embeddable":true,"href":"https:\/\/hausmitleben.at\/index.php\/wp-json\/wp\/v2\/comments?post=1994"}],"version-history":[{"count":5,"href":"https:\/\/hausmitleben.at\/index.php\/wp-json\/wp\/v2\/pages\/1994\/revisions"}],"predecessor-version":[{"id":3637,"href":"https:\/\/hausmitleben.at\/index.php\/wp-json\/wp\/v2\/pages\/1994\/revisions\/3637"}],"wp:attachment":[{"href":"https:\/\/hausmitleben.at\/index.php\/wp-json\/wp\/v2\/media?parent=1994"}],"curies":[{"name":"wp","href":"https:\/\/api.w.org\/{rel}","templated":true}]}}