{"id":2801,"date":"2024-02-03T12:01:39","date_gmt":"2024-02-03T11:01:39","guid":{"rendered":"https:\/\/hausmitleben.at\/?page_id=2801"},"modified":"2024-02-03T12:06:21","modified_gmt":"2024-02-03T11:06:21","slug":"danke-essen","status":"publish","type":"page","link":"https:\/\/hausmitleben.at\/index.php\/danke-essen\/","title":{"rendered":"Danke &#8211; Essen"},"content":{"rendered":"\t\t<div data-elementor-type=\"wp-page\" data-elementor-id=\"2801\" class=\"elementor elementor-2801\" data-elementor-post-type=\"page\">\n\t\t\t\t\t\t<section data-particle_enable=\"false\" data-particle-mobile-disabled=\"false\" class=\"elementor-section elementor-top-section elementor-element elementor-element-803966a elementor-section-boxed elementor-section-height-default elementor-section-height-default\" data-id=\"803966a\" data-element_type=\"section\" data-e-type=\"section\">\n\t\t\t\t\t\t<div class=\"elementor-container elementor-column-gap-default\">\n\t\t\t\t\t<div class=\"elementor-column elementor-col-50 elementor-top-column elementor-element elementor-element-d26b438\" data-id=\"d26b438\" data-element_type=\"column\" data-e-type=\"column\">\n\t\t\t<div class=\"elementor-widget-wrap elementor-element-populated\">\n\t\t\t\t\t\t<div class=\"elementor-element elementor-element-23d6c0d elementor-widget elementor-widget-image\" data-id=\"23d6c0d\" data-element_type=\"widget\" data-e-type=\"widget\" data-widget_type=\"image.default\">\n\t\t\t\t<div class=\"elementor-widget-container\">\n\t\t\t\t\t\t\t\t\t\t\t\t\t\t\t<img decoding=\"async\" src=\"https:\/\/hausmitleben.at\/wp-content\/uploads\/elementor\/thumbs\/csm_Salat_mit_Lachs_Header_3e7e24aa50-qj9gv4byxwe3n0va367ns4emebrt56tzd5i1ly0uf4.jpg\" title=\"Salat_mit_Lachs\" alt=\"Gesunde K\u00fcche\" loading=\"lazy\" \/>\t\t\t\t\t\t\t\t\t\t\t\t\t\t\t<\/div>\n\t\t\t\t<\/div>\n\t\t\t\t\t<\/div>\n\t\t<\/div>\n\t\t\t\t<div class=\"elementor-column elementor-col-50 elementor-top-column elementor-element elementor-element-f84c1f9\" data-id=\"f84c1f9\" data-element_type=\"column\" data-e-type=\"column\">\n\t\t\t<div class=\"elementor-widget-wrap elementor-element-populated\">\n\t\t\t\t\t\t<div class=\"elementor-element elementor-element-a92e994 elementor-widget elementor-widget-heading\" data-id=\"a92e994\" data-element_type=\"widget\" data-e-type=\"widget\" data-widget_type=\"heading.default\">\n\t\t\t\t<div class=\"elementor-widget-container\">\n\t\t\t\t\t<h2 class=\"elementor-heading-title elementor-size-default\">WIR DANKEN IHNEN, DASS SIE UNS HELFEN, UNS GESUND ZU ERN\u00c4HREN<\/h2>\t\t\t\t<\/div>\n\t\t\t\t<\/div>\n\t\t\t\t<div class=\"elementor-element elementor-element-7e3aa58 elementor-widget elementor-widget-text-editor\" data-id=\"7e3aa58\" data-element_type=\"widget\" data-e-type=\"widget\" data-widget_type=\"text-editor.default\">\n\t\t\t\t<div class=\"elementor-widget-container\">\n\t\t\t\t\t\t\t\t\t<p>Wir wollen unseren BewohnerInnen ein qualitatives Bio-Essen erm\u00f6glichen.<br \/>Und wie wir wissen, gutes Essen hat seinen Preis. Danke, dass Sie uns helfen, dies zu erm\u00f6glichen.<\/p>\t\t\t\t\t\t\t\t<\/div>\n\t\t\t\t<\/div>\n\t\t\t\t<div class=\"elementor-element elementor-element-4cee701 elementor-widget elementor-widget-shortcode\" data-id=\"4cee701\" data-element_type=\"widget\" data-e-type=\"widget\" data-widget_type=\"shortcode.default\">\n\t\t\t\t<div class=\"elementor-widget-container\">\n\t\t\t\t\t\t\t<div class=\"elementor-shortcode\">[ninja_form id='2']<\/div>\n\t\t\t\t\t\t<\/div>\n\t\t\t\t<\/div>\n\t\t\t\t\t<\/div>\n\t\t<\/div>\n\t\t\t\t\t<\/div>\n\t\t<\/section>\n\t\t\t\t<\/div>\n\t\t","protected":false},"excerpt":{"rendered":"<p>WIR DANKEN IHNEN, DASS SIE UNS HELFEN, UNS GESUND ZU ERN\u00c4HREN Wir wollen unseren BewohnerInnen ein qualitatives Bio-Essen erm\u00f6glichen.Und wie wir wissen, gutes Essen hat seinen Preis. Danke, dass Sie uns helfen, dies zu erm\u00f6glichen.<\/p>\n","protected":false},"author":1,"featured_media":0,"parent":0,"menu_order":0,"comment_status":"closed","ping_status":"closed","template":"elementor_header_footer","meta":{"footnotes":""},"class_list":["post-2801","page","type-page","status-publish","hentry"],"aioseo_notices":[],"_links":{"self":[{"href":"https:\/\/hausmitleben.at\/index.php\/wp-json\/wp\/v2\/pages\/2801","targetHints":{"allow":["GET"]}}],"collection":[{"href":"https:\/\/hausmitleben.at\/index.php\/wp-json\/wp\/v2\/pages"}],"about":[{"href":"https:\/\/hausmitleben.at\/index.php\/wp-json\/wp\/v2\/types\/page"}],"author":[{"embeddable":true,"href":"https:\/\/hausmitleben.at\/index.php\/wp-json\/wp\/v2\/users\/1"}],"replies":[{"embeddable":true,"href":"https:\/\/hausmitleben.at\/index.php\/wp-json\/wp\/v2\/comments?post=2801"}],"version-history":[{"count":5,"href":"https:\/\/hausmitleben.at\/index.php\/wp-json\/wp\/v2\/pages\/2801\/revisions"}],"predecessor-version":[{"id":2809,"href":"https:\/\/hausmitleben.at\/index.php\/wp-json\/wp\/v2\/pages\/2801\/revisions\/2809"}],"wp:attachment":[{"href":"https:\/\/hausmitleben.at\/index.php\/wp-json\/wp\/v2\/media?parent=2801"}],"curies":[{"name":"wp","href":"https:\/\/api.w.org\/{rel}","templated":true}]}}