{"id":725,"date":"2022-01-16T10:14:20","date_gmt":"2022-01-16T09:14:20","guid":{"rendered":"https:\/\/hausmitleben.at\/?page_id=725"},"modified":"2022-02-02T12:19:03","modified_gmt":"2022-02-02T11:19:03","slug":"faq-mitgliederbereich","status":"publish","type":"page","link":"https:\/\/hausmitleben.at\/index.php\/faq-mitgliederbereich\/","title":{"rendered":"FAQ-Mitgliederbereich"},"content":{"rendered":"\t\t<div data-elementor-type=\"wp-page\" data-elementor-id=\"725\" class=\"elementor elementor-725\" data-elementor-post-type=\"page\">\n\t\t\t\t\t\t<section data-particle_enable=\"false\" data-particle-mobile-disabled=\"false\" class=\"elementor-section elementor-top-section elementor-element elementor-element-b741469 elementor-section-full_width elementor-section-height-default elementor-section-height-default\" data-id=\"b741469\" data-element_type=\"section\" data-e-type=\"section\">\n\t\t\t\t\t\t<div class=\"elementor-container elementor-column-gap-no\">\n\t\t\t\t\t<div class=\"elementor-column elementor-col-100 elementor-top-column elementor-element elementor-element-59d4efb\" data-id=\"59d4efb\" data-element_type=\"column\" data-e-type=\"column\">\n\t\t\t<div class=\"elementor-widget-wrap elementor-element-populated\">\n\t\t\t\t\t\t<div class=\"elementor-element elementor-element-1a5b5e7 elementor-align-center elementor-button-warning elementor-widget elementor-widget-button\" data-id=\"1a5b5e7\" data-element_type=\"widget\" data-e-type=\"widget\" data-widget_type=\"button.default\">\n\t\t\t\t<div class=\"elementor-widget-container\">\n\t\t\t\t\t\t\t\t\t<div class=\"elementor-button-wrapper\">\n\t\t\t\t\t<a class=\"elementor-button elementor-button-link elementor-size-xl elementor-animation-pulse\" href=\"https:\/\/mitglieder.hausmitleben.at\" target=\"_blank\">\n\t\t\t\t\t\t<span class=\"elementor-button-content-wrapper\">\n\t\t\t\t\t\t\t\t\t<span class=\"elementor-button-text\">HIER GEHTS ZUM MITGLIEDERBEREICH ....<\/span>\n\t\t\t\t\t<\/span>\n\t\t\t\t\t<\/a>\n\t\t\t\t<\/div>\n\t\t\t\t\t\t\t\t<\/div>\n\t\t\t\t<\/div>\n\t\t\t\t<div class=\"elementor-element elementor-element-076dc3e elementor-widget elementor-widget-image\" data-id=\"076dc3e\" data-element_type=\"widget\" data-e-type=\"widget\" data-widget_type=\"image.default\">\n\t\t\t\t<div class=\"elementor-widget-container\">\n\t\t\t\t\t\t\t\t\t\t\t\t\t\t\t\t<a href=\"https:\/\/mitglieder.hausmitleben.at\" target=\"_blank\">\n\t\t\t\t\t\t\t<img fetchpriority=\"high\" decoding=\"async\" width=\"640\" height=\"319\" src=\"https:\/\/hausmitleben.at\/wp-content\/uploads\/2022\/01\/image-768x383.png\" class=\"attachment-medium_large size-medium_large wp-image-731\" alt=\"\" srcset=\"https:\/\/hausmitleben.at\/wp-content\/uploads\/2022\/01\/image-768x383.png 768w, https:\/\/hausmitleben.at\/wp-content\/uploads\/2022\/01\/image-300x149.png 300w, https:\/\/hausmitleben.at\/wp-content\/uploads\/2022\/01\/image-1024x510.png 1024w, https:\/\/hausmitleben.at\/wp-content\/uploads\/2022\/01\/image-1536x765.png 1536w, https:\/\/hausmitleben.at\/wp-content\/uploads\/2022\/01\/image-2048x1020.png 2048w\" sizes=\"(max-width: 640px) 100vw, 640px\" \/>\t\t\t\t\t\t\t\t<\/a>\n\t\t\t\t\t\t\t\t\t\t\t\t\t\t\t<\/div>\n\t\t\t\t<\/div>\n\t\t\t\t\t<\/div>\n\t\t<\/div>\n\t\t\t\t\t<\/div>\n\t\t<\/section>\n\t\t\t\t<section data-particle_enable=\"false\" data-particle-mobile-disabled=\"false\" class=\"elementor-section elementor-top-section elementor-element elementor-element-1f34a70 elementor-section-content-top elementor-section-boxed elementor-section-height-default elementor-section-height-default\" data-id=\"1f34a70\" data-element_type=\"section\" data-e-type=\"section\">\n\t\t\t\t\t\t<div class=\"elementor-container elementor-column-gap-default\">\n\t\t\t\t\t<div class=\"elementor-column elementor-col-100 elementor-top-column elementor-element elementor-element-7185848\" data-id=\"7185848\" data-element_type=\"column\" data-e-type=\"column\">\n\t\t\t<div class=\"elementor-widget-wrap elementor-element-populated\">\n\t\t\t\t\t\t<div class=\"elementor-element elementor-element-68b67e7 elementor-widget elementor-widget-heading\" data-id=\"68b67e7\" data-element_type=\"widget\" data-e-type=\"widget\" data-widget_type=\"heading.default\">\n\t\t\t\t<div class=\"elementor-widget-container\">\n\t\t\t\t\t<h3 class=\"elementor-heading-title elementor-size-default\">FRAGEN UND ANTWORTEN ZUM MITGLIEDERBEREICH<\/h3>\t\t\t\t<\/div>\n\t\t\t\t<\/div>\n\t\t\t\t<div class=\"elementor-element elementor-element-0cf978c elementor-widget elementor-widget-toggle\" data-id=\"0cf978c\" data-element_type=\"widget\" data-e-type=\"widget\" data-widget_type=\"toggle.default\">\n\t\t\t\t<div class=\"elementor-widget-container\">\n\t\t\t\t\t\t\t<div class=\"elementor-toggle\">\n\t\t\t\t\t\t\t<div class=\"elementor-toggle-item\">\n\t\t\t\t\t<div id=\"elementor-tab-title-1361\" class=\"elementor-tab-title\" data-tab=\"1\" role=\"button\" aria-controls=\"elementor-tab-content-1361\" aria-expanded=\"false\">\n\t\t\t\t\t\t\t\t\t\t\t\t<span class=\"elementor-toggle-icon elementor-toggle-icon-left\" aria-hidden=\"true\">\n\t\t\t\t\t\t\t\t\t\t\t\t\t\t\t<span class=\"elementor-toggle-icon-closed\"><i class=\"fas fa-caret-right\"><\/i><\/span>\n\t\t\t\t\t\t\t\t<span class=\"elementor-toggle-icon-opened\"><i class=\"elementor-toggle-icon-opened fas fa-caret-up\"><\/i><\/span>\n\t\t\t\t\t\t\t\t\t\t\t\t\t<\/span>\n\t\t\t\t\t\t\t\t\t\t\t\t<a class=\"elementor-toggle-title\" tabindex=\"0\">Wozu brauche ich den Mitgliederbereich?<\/a>\n\t\t\t\t\t<\/div>\n\n\t\t\t\t\t<div id=\"elementor-tab-content-1361\" class=\"elementor-tab-content elementor-clearfix\" data-tab=\"1\" role=\"region\" aria-labelledby=\"elementor-tab-title-1361\"><p>Im Mitgliederbereich hinterlegst Du alle pers\u00f6nlichen Stammdaten (Name, Adresse, m\u00f6gliche Spenden, optional deine Daten f\u00fcr einen Lastschriftauftrag f\u00fcr den Mitgliedsbeitrag etc.)<br \/>Ziel f\u00fcr uns ist es, Dir und uns den administrativen Aufwand zu verringern und dar\u00fcber hinaus einen besseren Service zu bieten.<\/p><p>Weitere M\u00f6glichkeiten sind in der Frage &#8222;<span style=\"color: #ff5c35;\"><strong>Was bekomme\/kann ich im neuen Mitlgiederbereich<\/strong><\/span>?&#8220;<\/p><\/div>\n\t\t\t\t<\/div>\n\t\t\t\t\t\t\t<div class=\"elementor-toggle-item\">\n\t\t\t\t\t<div id=\"elementor-tab-title-1362\" class=\"elementor-tab-title\" data-tab=\"2\" role=\"button\" aria-controls=\"elementor-tab-content-1362\" aria-expanded=\"false\">\n\t\t\t\t\t\t\t\t\t\t\t\t<span class=\"elementor-toggle-icon elementor-toggle-icon-left\" aria-hidden=\"true\">\n\t\t\t\t\t\t\t\t\t\t\t\t\t\t\t<span class=\"elementor-toggle-icon-closed\"><i class=\"fas fa-caret-right\"><\/i><\/span>\n\t\t\t\t\t\t\t\t<span class=\"elementor-toggle-icon-opened\"><i class=\"elementor-toggle-icon-opened fas fa-caret-up\"><\/i><\/span>\n\t\t\t\t\t\t\t\t\t\t\t\t\t<\/span>\n\t\t\t\t\t\t\t\t\t\t\t\t<a class=\"elementor-toggle-title\" tabindex=\"0\">Wie komme ich in den Mitgliederbereich?<\/a>\n\t\t\t\t\t<\/div>\n\n\t\t\t\t\t<div id=\"elementor-tab-content-1362\" class=\"elementor-tab-content elementor-clearfix\" data-tab=\"2\" role=\"region\" aria-labelledby=\"elementor-tab-title-1362\"><p>Entweder \u00fcber den Men\u00fcpunkt Mitgliederbereich auf der Homepage oder hier <strong><a href=\"https:\/\/mitglieder.hausmitleben.at\" target=\"_blank\" rel=\"noopener\">https:\/\/mitglieder.hausmitleben.at<\/a><\/strong><\/p><p>Und dann einloggen mit Deinem Benutzernamen und Deinem Passwort.<\/p><p><img decoding=\"async\" class=\"size-medium wp-image-731 aligncenter\" src=\"https:\/\/hausmitleben.at\/wp-content\/uploads\/2022\/01\/image-300x149.png\" alt=\"\" width=\"300\" height=\"149\" srcset=\"https:\/\/hausmitleben.at\/wp-content\/uploads\/2022\/01\/image-300x149.png 300w, https:\/\/hausmitleben.at\/wp-content\/uploads\/2022\/01\/image-1024x510.png 1024w, https:\/\/hausmitleben.at\/wp-content\/uploads\/2022\/01\/image-768x383.png 768w, https:\/\/hausmitleben.at\/wp-content\/uploads\/2022\/01\/image-1536x765.png 1536w, https:\/\/hausmitleben.at\/wp-content\/uploads\/2022\/01\/image-2048x1020.png 2048w\" sizes=\"(max-width: 300px) 100vw, 300px\" \/><\/p><p>Wenn Du Dein Passwort vergessen hast bzw. nicht bekommen hast, dann einfach auf\u00a0<a href=\"https:\/\/mitglieder.hausmitleben.at\/admidio\/adm_program\/system\/lost_password.php\" target=\"_blank\" rel=\"noopener\"><strong>Password vergessen<\/strong><\/a>\u00a0klicken.<\/p><p>Wenn Du noch nicht registriert bist, auf <a href=\"https:\/\/mitglieder.hausmitleben.at\/admidio\/adm_program\/modules\/registration\/registration.php\" target=\"_blank\" rel=\"noopener\"><strong>Vereinsmitglied werden<\/strong><\/a> klicken (AUCH WENN DU SCHON MITGLIED BIST, ABER NOCH KEINEN ONLINE-ZUGANG HAST) und Deine Daten eingeben.<\/p><p><strong>ACHTUNG: Neue Mitgliedsantr\u00e4ge werden von uns manuell freigegeben. Daher dauert es etwas, bis Du die Best\u00e4tigung zur Aufnahme in den Verein per Mail bekommst. Nicht vergessen, auch in Deinem Spam-Ordner nach dem Best\u00e4tigungsmail zu\u00a0suchen.<\/strong><\/p><\/div>\n\t\t\t\t<\/div>\n\t\t\t\t\t\t\t<div class=\"elementor-toggle-item\">\n\t\t\t\t\t<div id=\"elementor-tab-title-1363\" class=\"elementor-tab-title\" data-tab=\"3\" role=\"button\" aria-controls=\"elementor-tab-content-1363\" aria-expanded=\"false\">\n\t\t\t\t\t\t\t\t\t\t\t\t<span class=\"elementor-toggle-icon elementor-toggle-icon-left\" aria-hidden=\"true\">\n\t\t\t\t\t\t\t\t\t\t\t\t\t\t\t<span class=\"elementor-toggle-icon-closed\"><i class=\"fas fa-caret-right\"><\/i><\/span>\n\t\t\t\t\t\t\t\t<span class=\"elementor-toggle-icon-opened\"><i class=\"elementor-toggle-icon-opened fas fa-caret-up\"><\/i><\/span>\n\t\t\t\t\t\t\t\t\t\t\t\t\t<\/span>\n\t\t\t\t\t\t\t\t\t\t\t\t<a class=\"elementor-toggle-title\" tabindex=\"0\">Wie kann ich meine Daten sowie Spenden und Lastschriftauftr\u00e4ge eintragen?<\/a>\n\t\t\t\t\t<\/div>\n\n\t\t\t\t\t<div id=\"elementor-tab-content-1363\" class=\"elementor-tab-content elementor-clearfix\" data-tab=\"3\" role=\"region\" aria-labelledby=\"elementor-tab-title-1363\"><p>Wenn Du eingeloggt bist, kannst Du \u00fcber <a href=\"https:\/\/mitglieder.hausmitleben.at\/admidio\/adm_program\/modules\/profile\/profile.php\" target=\"_blank\" rel=\"noopener\"><strong>Mein Profil<\/strong><\/a>\u00a0Deine hinterlegten Daten sehen und selbstverst\u00e4ndlich auch \u00e4ndern.<\/p><p><img decoding=\"async\" class=\"size-medium wp-image-738 aligncenter\" src=\"https:\/\/hausmitleben.at\/wp-content\/uploads\/2022\/01\/Profil-bearbeiten-300x143.png\" alt=\"\" width=\"300\" height=\"143\" srcset=\"https:\/\/hausmitleben.at\/wp-content\/uploads\/2022\/01\/Profil-bearbeiten-300x143.png 300w, https:\/\/hausmitleben.at\/wp-content\/uploads\/2022\/01\/Profil-bearbeiten-1024x489.png 1024w, https:\/\/hausmitleben.at\/wp-content\/uploads\/2022\/01\/Profil-bearbeiten-768x366.png 768w, https:\/\/hausmitleben.at\/wp-content\/uploads\/2022\/01\/Profil-bearbeiten-1536x733.png 1536w, https:\/\/hausmitleben.at\/wp-content\/uploads\/2022\/01\/Profil-bearbeiten-2048x977.png 2048w\" sizes=\"(max-width: 300px) 100vw, 300px\" \/>\u00a0<\/p><p>Und dann gibt es diese Anpassungsm\u00f6glichkeiten:<\/p><p><img loading=\"lazy\" decoding=\"async\" class=\"size-medium wp-image-768 aligncenter\" src=\"https:\/\/hausmitleben.at\/wp-content\/uploads\/2022\/01\/Stammdaten-300x192.png\" alt=\"\" width=\"300\" height=\"192\" srcset=\"https:\/\/hausmitleben.at\/wp-content\/uploads\/2022\/01\/Stammdaten-300x192.png 300w, https:\/\/hausmitleben.at\/wp-content\/uploads\/2022\/01\/Stammdaten-1024x655.png 1024w, https:\/\/hausmitleben.at\/wp-content\/uploads\/2022\/01\/Stammdaten-768x491.png 768w, https:\/\/hausmitleben.at\/wp-content\/uploads\/2022\/01\/Stammdaten-1536x982.png 1536w, https:\/\/hausmitleben.at\/wp-content\/uploads\/2022\/01\/Stammdaten.png 2002w\" sizes=\"(max-width: 300px) 100vw, 300px\" \/><\/p><p><img loading=\"lazy\" decoding=\"async\" class=\"wp-image-821 aligncenter\" src=\"https:\/\/hausmitleben.at\/wp-content\/uploads\/2022\/01\/weitereDaten-300x191.png\" alt=\"\" width=\"303\" height=\"193\" srcset=\"https:\/\/hausmitleben.at\/wp-content\/uploads\/2022\/01\/weitereDaten-300x191.png 300w, https:\/\/hausmitleben.at\/wp-content\/uploads\/2022\/01\/weitereDaten.png 768w\" sizes=\"(max-width: 303px) 100vw, 303px\" \/><\/p><p><img loading=\"lazy\" decoding=\"async\" class=\"size-medium wp-image-770 aligncenter\" src=\"https:\/\/hausmitleben.at\/wp-content\/uploads\/2022\/01\/Kontodaten-300x183.png\" alt=\"\" width=\"300\" height=\"183\" srcset=\"https:\/\/hausmitleben.at\/wp-content\/uploads\/2022\/01\/Kontodaten-300x183.png 300w, https:\/\/hausmitleben.at\/wp-content\/uploads\/2022\/01\/Kontodaten-1024x626.png 1024w, https:\/\/hausmitleben.at\/wp-content\/uploads\/2022\/01\/Kontodaten-768x470.png 768w, https:\/\/hausmitleben.at\/wp-content\/uploads\/2022\/01\/Kontodaten-1536x939.png 1536w, https:\/\/hausmitleben.at\/wp-content\/uploads\/2022\/01\/Kontodaten.png 2012w\" sizes=\"(max-width: 300px) 100vw, 300px\" \/><\/p><\/div>\n\t\t\t\t<\/div>\n\t\t\t\t\t\t\t<div class=\"elementor-toggle-item\">\n\t\t\t\t\t<div id=\"elementor-tab-title-1364\" class=\"elementor-tab-title\" data-tab=\"4\" role=\"button\" aria-controls=\"elementor-tab-content-1364\" aria-expanded=\"false\">\n\t\t\t\t\t\t\t\t\t\t\t\t<span class=\"elementor-toggle-icon elementor-toggle-icon-left\" aria-hidden=\"true\">\n\t\t\t\t\t\t\t\t\t\t\t\t\t\t\t<span class=\"elementor-toggle-icon-closed\"><i class=\"fas fa-caret-right\"><\/i><\/span>\n\t\t\t\t\t\t\t\t<span class=\"elementor-toggle-icon-opened\"><i class=\"elementor-toggle-icon-opened fas fa-caret-up\"><\/i><\/span>\n\t\t\t\t\t\t\t\t\t\t\t\t\t<\/span>\n\t\t\t\t\t\t\t\t\t\t\t\t<a class=\"elementor-toggle-title\" tabindex=\"0\">Wie kann ich mein Passwort \u00e4ndern?<\/a>\n\t\t\t\t\t<\/div>\n\n\t\t\t\t\t<div id=\"elementor-tab-content-1364\" class=\"elementor-tab-content elementor-clearfix\" data-tab=\"4\" role=\"region\" aria-labelledby=\"elementor-tab-title-1364\"><p>Wenn Du eingeloggt bist, kannst Du \u00fcber <a href=\"https:\/\/mitglieder.hausmitleben.at\/admidio\/adm_program\/modules\/profile\/profile.php\" target=\"_blank\" rel=\"noopener\"><strong>Mein Profil<\/strong><\/a>\u00a0Deine hinterlegten Daten sehen und selbstverst\u00e4ndlich auch \u00e4ndern.<\/p><p><img decoding=\"async\" class=\"size-medium wp-image-738 aligncenter\" src=\"https:\/\/hausmitleben.at\/wp-content\/uploads\/2022\/01\/Profil-bearbeiten-300x143.png\" alt=\"\" width=\"300\" height=\"143\" srcset=\"https:\/\/hausmitleben.at\/wp-content\/uploads\/2022\/01\/Profil-bearbeiten-300x143.png 300w, https:\/\/hausmitleben.at\/wp-content\/uploads\/2022\/01\/Profil-bearbeiten-1024x489.png 1024w, https:\/\/hausmitleben.at\/wp-content\/uploads\/2022\/01\/Profil-bearbeiten-768x366.png 768w, https:\/\/hausmitleben.at\/wp-content\/uploads\/2022\/01\/Profil-bearbeiten-1536x733.png 1536w, https:\/\/hausmitleben.at\/wp-content\/uploads\/2022\/01\/Profil-bearbeiten-2048x977.png 2048w\" sizes=\"(max-width: 300px) 100vw, 300px\" \/><\/p><p>\u00a0<\/p><p>Und dann kann hier ein neues Passwort ausgew\u00e4hlt werden:<\/p><p>\u00a0<\/p><p><img loading=\"lazy\" decoding=\"async\" class=\"size-medium wp-image-1024 aligncenter\" src=\"https:\/\/hausmitleben.at\/wp-content\/uploads\/2022\/02\/Stammdaten-768x491-Passwort-300x191.png\" alt=\"\" width=\"300\" height=\"191\" srcset=\"https:\/\/hausmitleben.at\/wp-content\/uploads\/2022\/02\/Stammdaten-768x491-Passwort-300x191.png 300w, https:\/\/hausmitleben.at\/wp-content\/uploads\/2022\/02\/Stammdaten-768x491-Passwort.png 768w\" sizes=\"(max-width: 300px) 100vw, 300px\" \/><\/p><p>\u00a0<\/p><p>\u00a0<\/p><\/div>\n\t\t\t\t<\/div>\n\t\t\t\t\t\t\t<div class=\"elementor-toggle-item\">\n\t\t\t\t\t<div id=\"elementor-tab-title-1365\" class=\"elementor-tab-title\" data-tab=\"5\" role=\"button\" aria-controls=\"elementor-tab-content-1365\" aria-expanded=\"false\">\n\t\t\t\t\t\t\t\t\t\t\t\t<span class=\"elementor-toggle-icon elementor-toggle-icon-left\" aria-hidden=\"true\">\n\t\t\t\t\t\t\t\t\t\t\t\t\t\t\t<span class=\"elementor-toggle-icon-closed\"><i class=\"fas fa-caret-right\"><\/i><\/span>\n\t\t\t\t\t\t\t\t<span class=\"elementor-toggle-icon-opened\"><i class=\"elementor-toggle-icon-opened fas fa-caret-up\"><\/i><\/span>\n\t\t\t\t\t\t\t\t\t\t\t\t\t<\/span>\n\t\t\t\t\t\t\t\t\t\t\t\t<a class=\"elementor-toggle-title\" tabindex=\"0\">Was bekomme\/kann ich im neuen Mitgliederbereich?<\/a>\n\t\t\t\t\t<\/div>\n\n\t\t\t\t\t<div id=\"elementor-tab-content-1365\" class=\"elementor-tab-content elementor-clearfix\" data-tab=\"5\" role=\"region\" aria-labelledby=\"elementor-tab-title-1365\"><p>Meine pers\u00f6nlichen Stammdaten verwalten (\u00c4nderungen von, Namen, Adresse, Telefonnummer, E-Mail)<br \/><br \/>Festlegen und eintragen, ob der j\u00e4hrliche Informations-Brief der Obfrau k\u00fcnftig per E-Mail zugesendet werden darf<br \/><br \/>Eine automatische j\u00e4hrliche Spende zus\u00e4tzlich zum Mitgliedsbeitrag eintragen (kann jederzeit wieder ge\u00e4ndert werden!)<br \/><br \/>Eintragen von Kontodaten f\u00fcr ein automatisches SEPA-Lastschriftverfahren mit meiner Hausbank, um dir und vor allem auch uns die administrative T\u00e4tigkeit k\u00fcnftig zu erleichtern, so kann die Einzahlung nicht mehr \u201evergessen\u201c werden<br \/><br \/>Fotos von unseren Festen und zahlreichen \u00f6ffentlichen Aktivit\u00e4ten ansehen<br \/><br \/>Ank\u00fcndigungen von Mitgliederaktionen bzw. Veranstaltungen, Festen etc.<br \/><br \/>Online-Terminkalender aller Haus mit Leben-Aktionen sowie Termine unserer Partner- &amp; Freunde Aktionen<br \/><br \/>Vereinsunterlagen wie Statuten, Protokolle der Hauptversammlung etc.<\/p><\/div>\n\t\t\t\t<\/div>\n\t\t\t\t\t\t\t\t<\/div>\n\t\t\t\t\t\t<\/div>\n\t\t\t\t<\/div>\n\t\t\t\t\t<\/div>\n\t\t<\/div>\n\t\t\t\t\t<\/div>\n\t\t<\/section>\n\t\t\t\t<\/div>\n\t\t","protected":false},"excerpt":{"rendered":"<p>HIER GEHTS ZUM MITGLIEDERBEREICH &#8230;. FRAGEN UND ANTWORTEN ZUM MITGLIEDERBEREICH Wozu brauche ich den Mitgliederbereich? Im Mitgliederbereich hinterlegst Du alle pers\u00f6nlichen Stammdaten (Name, Adresse, m\u00f6gliche Spenden, optional deine Daten f\u00fcr einen Lastschriftauftrag f\u00fcr den Mitgliedsbeitrag etc.)Ziel f\u00fcr uns ist es, Dir und uns den administrativen Aufwand zu verringern und dar\u00fcber hinaus einen besseren Service zu<\/p>\n","protected":false},"author":1,"featured_media":0,"parent":0,"menu_order":0,"comment_status":"closed","ping_status":"closed","template":"elementor_header_footer","meta":{"footnotes":""},"class_list":["post-725","page","type-page","status-publish","hentry"],"aioseo_notices":[],"_links":{"self":[{"href":"https:\/\/hausmitleben.at\/index.php\/wp-json\/wp\/v2\/pages\/725","targetHints":{"allow":["GET"]}}],"collection":[{"href":"https:\/\/hausmitleben.at\/index.php\/wp-json\/wp\/v2\/pages"}],"about":[{"href":"https:\/\/hausmitleben.at\/index.php\/wp-json\/wp\/v2\/types\/page"}],"author":[{"embeddable":true,"href":"https:\/\/hausmitleben.at\/index.php\/wp-json\/wp\/v2\/users\/1"}],"replies":[{"embeddable":true,"href":"https:\/\/hausmitleben.at\/index.php\/wp-json\/wp\/v2\/comments?post=725"}],"version-history":[{"count":5,"href":"https:\/\/hausmitleben.at\/index.php\/wp-json\/wp\/v2\/pages\/725\/revisions"}],"predecessor-version":[{"id":1030,"href":"https:\/\/hausmitleben.at\/index.php\/wp-json\/wp\/v2\/pages\/725\/revisions\/1030"}],"wp:attachment":[{"href":"https:\/\/hausmitleben.at\/index.php\/wp-json\/wp\/v2\/media?parent=725"}],"curies":[{"name":"wp","href":"https:\/\/api.w.org\/{rel}","templated":true}]}}